{"id":3,"date":"2018-11-16T23:18:00","date_gmt":"2018-11-16T23:18:00","guid":{"rendered":"https:\/\/beta.ototech.es\/?page_id=3"},"modified":"2024-05-30T09:59:01","modified_gmt":"2024-05-30T09:59:01","slug":"politica-de-privacidad","status":"publish","type":"page","link":"https:\/\/www.ototech.es\/en\/politica-de-privacidad\/","title":{"rendered":"Pol\u00edtica de privacidad"},"content":{"rendered":"<div class=\"row\">\n<div class=\"col-lg-10 col-lg-offset-1\">\n<div class=\"text-left\">\n<p><strong>OTOTECH 2000 SL <\/strong>(<strong>\u201cOTOTECH<\/strong>\u201d), como responsable del tratamiento, a trav\u00e9s de su p\u00e1gina web <strong>ototech.es<\/strong>, garantiza un nivel adecuado y coherente de protecci\u00f3n de las personas f\u00edsicas en lo que respecta a sus datos personales, objeto de tratamiento por la empresa, de acuerdo con el Reglamento General de Protecci\u00f3n de datos (679\/2016) y la Ley Org\u00e1nica 3\/2018 de protecci\u00f3n de datos y garant\u00eda de los derechos digitales.<\/p>\n<p><strong>OTOTECH <\/strong>solo trata datos personales con plena responsabilidad y lealmente, y de acuerdo con bases jur\u00eddicas que permiten la licitud del tratamiento. As\u00ed mismo han adoptado las medidas de seguridad oportunas y apropiadas para la protecci\u00f3n de los derechos y libertades de las personas interesadas.<\/p>\n<p>A continuaci\u00f3n, se ofrece una informaci\u00f3n adicional y ampliada respecto a actividades de tratamiento espec\u00edficas, realizadas a trav\u00e9s de su sitio web:<\/p>\n<h3>Responsable del tratamiento<\/h3>\n<p><strong>Identidad: <\/strong>OTOTECH 2000 SL \u201cOTOTECH\u201d<\/p>\n<p><strong>CIF: <\/strong>B66335498<\/p>\n<p><strong>Direcci\u00f3n Postal: <\/strong>Paseo de Gracia 42, 3-2, 08007 Barcelona<\/p>\n<p><strong>Correo electr\u00f3nico: <\/strong>info@ototech.es<\/p>\n<h3>Finalidad del tratamiento de sus datos, legitimaci\u00f3n del tratamiento y conservaci\u00f3n<\/h3>\n<p>En <strong>OTOTECH<\/strong> trataremos sus datos con las siguientes finalidades:<\/p>\n<ul>\n<li>Atender sus solicitudes de informaci\u00f3n a trav\u00e9s de nuestro email de contacto. Art\u00edculo 6.1.a) RGPD 2016\/679.<\/li>\n<li>Gestionar sus peticiones de citas, legitimados por la relaci\u00f3n precontractual y contractual para la prestaci\u00f3n de servicios. Art\u00edculo 6.1.b) RGPD 2016\/679.<\/li>\n<li>Realizar tratamiento de videovigilancia con la finalidad de garantizar la seguridad de las personas, bienes e instalaciones, amparados en el cumplimiento de una misi\u00f3n realizada inter\u00e9s p\u00fablico o en el ejercicio de poderes p\u00fablicos conferidos al Responsable del tratamiento. Art\u00edculo 6.1.e) RGPD 2016\/679.<\/li>\n<li>Enviarles a nuestros clientes comunicaciones comerciales relacionadas con nuestros servicios, legitimados por nuestro inter\u00e9s leg\u00edtimo. Art\u00edculo 6.1.f) RGPD 2016\/679.<\/li>\n<\/ul>\n<p>Una vez cumplida la finalidad por la que se llev\u00f3 a cabo el tratamiento de sus datos, estos se destruir\u00e1n y solamente ser\u00e1n conservados los necesarios para llevar a cabo reclamaciones o dar cumplimiento a las normativas aplicables. En el caso de los datos necesarios para llevar a cabo comunicaciones comerciales, se mantendr\u00e1n los mismos hasta los plazos que determine la legislaci\u00f3n o hasta el momento en que el interesado se oponga al tratamiento.<\/p>\n<h3>Destinatarios de sus datos<\/h3>\n<p>Sus datos no ser\u00e1n cedidos a terceros en ning\u00fan caso, excepto cuando exista una obligaci\u00f3n legal o cuando deba de continuar su tratamiento con alguno de nuestros asociados.<\/p>\n<h3>Transferencias internacionales<\/h3>\n<p>Para poder ofrecerle nuestros servicios, <strong>OTOTECH<\/strong> contrata recursos que llevan a cabo transferencias internacionales de datos a terceros pa\u00edses situados fuera de la Uni\u00f3n Europea. Estos pa\u00edses, cuentan con un adecuado nivel de protecci\u00f3n de datos declarado por la Comisi\u00f3n Europea y tambi\u00e9n con la aportaci\u00f3n de garant\u00edas adecuadas tales como el convenio bilateral entre la UE y EEUU denominado DATA PRIVACY FRAMEWORK. Las actividades donde se llevan a cabo dichas transferencias internacionales de datos son:<\/p>\n<ul>\n<li>Para llevar a cabo las comunicaciones entre <strong>OTOTECH <\/strong>y nuestros pacientes por medio de aplicaciones de mensajer\u00eda instant\u00e1nea, <strong>OTOTECH <\/strong>utiliza los servicios de <strong>WhatsApp<\/strong> para poder ofrecer su servicio de solicitud de cita. Puede consultar su pol\u00edtica sobre el tratamiento de los datos recogidos a https:\/\/www.whatsapp.com\/legal\/.<\/li>\n<li>Los casos en que tambi\u00e9n pueda haber transferencias internacionales de datos, ser\u00e1 a trav\u00e9s de las Cookies provenientes de terceros (Facebook, Google, Google Ads, Google Analytics y Vimeo). Puede informarse de las transferencias de datos a pa\u00edses terceros que, en su caso, realizan los terceros identificados en esta pol\u00edtica de cookies, en sus correspondientes pol\u00edticas sobre el tratamiento de los datos recogidos.<\/li>\n<\/ul>\n<h3>Decisiones automatizadas incluidas la elaboraci\u00f3n de perfiles<\/h3>\n<p><strong>OTOTECH<\/strong>, no lleva a cabo la toma de decisiones automatizadas y tampoco la elaboraci\u00f3n de perfiles.<\/p>\n<h3>Derechos del interesado<\/h3>\n<p>Como usuario de nuestra p\u00e1gina web <strong>ototech.es<\/strong>, tiene derecho a:<\/p>\n<ul>\n<li>Acceso, rectificaci\u00f3n y supresi\u00f3n, a la limitaci\u00f3n del tratamiento, a la portabilidad de los datos y de oposici\u00f3n al tratamiento, en el momento que crea que no son necesarios para el fin que fueron recogidos.<\/li>\n<li>A solicitar la limitaci\u00f3n del tratamiento, solo se conservar\u00e1n los datos estrictamente necesarios para llevar a su ejercicio las reclamaciones.<\/li>\n<li>Retirar su consentimiento, en cualquier momento.<\/li>\n<\/ul>\n<p>Para proceder al ejercicio de derechos debe ponerse en contacto con nosotros en nuestra direcci\u00f3n de correo electr\u00f3nico <strong>info@ototech.es<\/strong>.<\/p>\n<p>Si considera que sus derechos de protecci\u00f3n de datos han sido vulnerados tiene derecho a presentar una reclamaci\u00f3n ante la Agencia Espa\u00f1ola de Protecci\u00f3n de Datos a trav\u00e9s de su sitio web <a href=\"http:\/\/www.aepd.es\" target=\"_blank\" rel=\"noopener\">www.aepd.es<\/a><u>.<\/u><\/p>\n<p><u>\u00a0<\/u><\/p>\n<\/div>\n<\/div>\n<\/div>\n","protected":false},"excerpt":{"rendered":"<p>OTOTECH 2000 SL (\u201cOTOTECH\u201d), como responsable del tratamiento, a trav\u00e9s de su p\u00e1gina web ototech.es, garantiza un nivel adecuado y coherente de protecci\u00f3n de las personas f\u00edsicas en lo que [&hellip;]<\/p>\n","protected":false},"author":2,"featured_media":0,"parent":0,"menu_order":0,"comment_status":"closed","ping_status":"open","template":"","meta":{"site-sidebar-layout":"default","site-content-layout":"default","ast-site-content-layout":"default","site-content-style":"default","site-sidebar-style":"default","ast-global-header-display":"","ast-banner-title-visibility":"","ast-main-header-display":"","ast-hfb-above-header-display":"","ast-hfb-below-header-display":"","ast-hfb-mobile-header-display":"","site-post-title":"","ast-breadcrumbs-content":"","ast-featured-img":"","footer-sml-layout":"","theme-transparent-header-meta":"default","adv-header-id-meta":"","stick-header-meta":"default","header-above-stick-meta":"","header-main-stick-meta":"","header-below-stick-meta":"","astra-migrate-meta-layouts":"set","ast-page-background-enabled":"default","ast-page-background-meta":{"desktop":{"background-color":"","background-image":"","background-repeat":"repeat","background-position":"center center","background-size":"auto","background-attachment":"scroll","background-type":"","background-media":"","overlay-type":"","overlay-color":"","overlay-opacity":"","overlay-gradient":""},"tablet":{"background-color":"","background-image":"","background-repeat":"repeat","background-position":"center center","background-size":"auto","background-attachment":"scroll","background-type":"","background-media":"","overlay-type":"","overlay-color":"","overlay-opacity":"","overlay-gradient":""},"mobile":{"background-color":"","background-image":"","background-repeat":"repeat","background-position":"center center","background-size":"auto","background-attachment":"scroll","background-type":"","background-media":"","overlay-type":"","overlay-color":"","overlay-opacity":"","overlay-gradient":""}},"ast-content-background-meta":{"desktop":{"background-color":"var(--ast-global-color-5)","background-image":"","background-repeat":"repeat","background-position":"center center","background-size":"auto","background-attachment":"scroll","background-type":"","background-media":"","overlay-type":"","overlay-color":"","overlay-opacity":"","overlay-gradient":""},"tablet":{"background-color":"var(--ast-global-color-5)","background-image":"","background-repeat":"repeat","background-position":"center center","background-size":"auto","background-attachment":"scroll","background-type":"","background-media":"","overlay-type":"","overlay-color":"","overlay-opacity":"","overlay-gradient":""},"mobile":{"background-color":"var(--ast-global-color-5)","background-image":"","background-repeat":"repeat","background-position":"center center","background-size":"auto","background-attachment":"scroll","background-type":"","background-media":"","overlay-type":"","overlay-color":"","overlay-opacity":"","overlay-gradient":""}},"footnotes":""},"class_list":["post-3","page","type-page","status-publish","hentry"],"_links":{"self":[{"href":"https:\/\/www.ototech.es\/en\/wp-json\/wp\/v2\/pages\/3","targetHints":{"allow":["GET"]}}],"collection":[{"href":"https:\/\/www.ototech.es\/en\/wp-json\/wp\/v2\/pages"}],"about":[{"href":"https:\/\/www.ototech.es\/en\/wp-json\/wp\/v2\/types\/page"}],"author":[{"embeddable":true,"href":"https:\/\/www.ototech.es\/en\/wp-json\/wp\/v2\/users\/2"}],"replies":[{"embeddable":true,"href":"https:\/\/www.ototech.es\/en\/wp-json\/wp\/v2\/comments?post=3"}],"version-history":[{"count":6,"href":"https:\/\/www.ototech.es\/en\/wp-json\/wp\/v2\/pages\/3\/revisions"}],"predecessor-version":[{"id":6685,"href":"https:\/\/www.ototech.es\/en\/wp-json\/wp\/v2\/pages\/3\/revisions\/6685"}],"wp:attachment":[{"href":"https:\/\/www.ototech.es\/en\/wp-json\/wp\/v2\/media?parent=3"}],"curies":[{"name":"wp","href":"https:\/\/api.w.org\/{rel}","templated":true}]}}