{"id":1881,"date":"2018-11-17T18:45:55","date_gmt":"2018-11-17T18:45:55","guid":{"rendered":"https:\/\/beta.ototech.es\/?page_id=1881"},"modified":"2024-05-30T10:01:39","modified_gmt":"2024-05-30T10:01:39","slug":"aviso-legal","status":"publish","type":"page","link":"https:\/\/www.ototech.es\/en\/aviso-legal\/","title":{"rendered":"Aviso Legal"},"content":{"rendered":"<h4>INFORMACION DEL TITULAR<\/h4>\n<p><strong>\u00a0<\/strong><strong>OTOTECH 2000 SL <\/strong>es el titular del dominio <strong>ototech.es<\/strong> con CIF <strong>B66335498<\/strong>, con domicilio en <strong>Paseo de Gracia 42, 3-2, 08007 Barcelona<\/strong> (en adelante, \u201c<strong>OTOTECH<\/strong>\u201d). El correo electr\u00f3nico de CONTACTO es <strong>info@ototech.es.<\/strong><\/p>\n<p>Recomendamos LEER ATENTAMENTE el presente aviso legal y otras pol\u00edticas de nuestra web (Pol\u00edtica de Privacidad, Pol\u00edtica de Cookies, Condiciones de venta) antes de utilizar nuestra plataforma y servicios.<\/p>\n<p>Cualquier uso de esta web implica la aceptaci\u00f3n de todas las condiciones incluidas en estos y otros documentos legales y su sumisi\u00f3n a la legislaci\u00f3n espa\u00f1ola en todo momento, renunciando expresamente a cualquier otro fuero.<\/p>\n<h2>GARANT\u00cdAS Y RESPONSABILIDADES<\/h2>\n<p><strong>OTOTECH<\/strong> a trav\u00e9s de su p\u00e1gina web ofrece informaci\u00f3n\u00a0sobre\u00a0sus servicios\u00a0de forma\u00a0gen\u00e9rica. La persona usuaria que accede a la p\u00e1gina web, reconoce y acepta expresamente de manera voluntaria, la responsabilidad del uso de esta p\u00e1gina web y se compromete a no realizar ning\u00fan acto que pueda infringir la ley o las condiciones establecidas en estos t\u00e9rminos legales, en cuyo caso podr\u00e1 comportar las correspondientes responsabilidades legalmente establecidas.<\/p>\n<p><strong>OTOTECH<\/strong> se reserva el derecho a efectuar, en cualquier momento y sin necesidad de previo aviso, modificaciones y actualizaciones de la informaci\u00f3n contenida en su p\u00e1gina web, de su configuraci\u00f3n y presentaci\u00f3n y de las condiciones generales, as\u00ed como de eliminar informaci\u00f3n o suspender temporalmente la accesibilidad a la p\u00e1gina web.<\/p>\n<p><strong>OTOTECH<\/strong> no puede garantizar:<\/p>\n<ol>\n<li>La inexistencia de interrupciones o errores en el acceso a la p\u00e1gina web o a su contenido. Tampoco se puede responsabilizar de posibles problemas t\u00e9cnicos que se produzcan durante la conexi\u00f3n a Internet.<\/li>\n<li>No se hace responsable de los da\u00f1os que se pudieran derivar de interferencias, omisiones o virus inform\u00e1ticos motivados por causas ajenas al titular de la web, as\u00ed como de da\u00f1os causados por terceras personas mediante intromisiones ileg\u00edtimas o da\u00f1os al sistema inform\u00e1tico fuera del control del titular de la web.<\/li>\n<li>La aplicaci\u00f3n de su Pol\u00edtica de Privacidad a accesos mediante enlaces de terceros a esta web, ni a trav\u00e9s de enlaces de esta web a otras webs.\n<ol>\n<li>Todo enlace de terceros a esta web deber\u00e1 hacerse a su p\u00e1gina principal o de entrada, previa autorizaci\u00f3n y por escrito del titular y no se podr\u00e1 realizar ninguna modificaci\u00f3n, limitaci\u00f3n ni ning\u00fan tipo de manifestaci\u00f3n sobre la web, debiendo cumplir, asimismo, con el resto de previsiones de esta normativa.<\/li>\n<li>En caso de existir enlaces no supervisados por el titular de la p\u00e1gina web, no se asumir\u00e1n responsabilidades sobre los enlaces o contenidos o consecuencias del uso de dichos enlaces.<\/li>\n<\/ol>\n<\/li>\n<\/ol>\n<h2>PROPIEDAD INTELECTUAL<\/h2>\n<p>Esta p\u00e1gina web se rige por las leyes espa\u00f1olas y por la legislaci\u00f3n nacional e internacional sobre propiedad intelectual e industrial.<\/p>\n<p>Todos los contenidos incluidos en la web (textos, contenidos audiovisuales, c\u00f3digo fuente, dise\u00f1o gr\u00e1fico, signos, logotipos, marcas, bases de datos, programas inform\u00e1ticos, edici\u00f3n, programaci\u00f3n, compilaci\u00f3n y otros elementos y contenidos necesarios para su funcionamiento) son propiedad del titular de esta. Cualquier uso no autorizado de estos contenidos ser\u00e1 considerado un incumplimiento de los derechos de propiedad intelectual o industrial y podr\u00e1 dar lugar a consecuencias legales.<\/p>\n<p>Los contenidos que pudiera contener la p\u00e1gina web que no fueran de su titularidad gozan de la autorizaci\u00f3n de sus titulares para su uso y comunicaci\u00f3n y est\u00e1n protegidas por los correspondientes derechos de propiedad intelectual.<\/p>\n<p>La simple navegaci\u00f3n o uso de la p\u00e1gina web no otorga en ning\u00fan caso licencia o cesi\u00f3n total o parcial de derechos sobre los derechos de propiedad intelectual quedando expresamente prohibida cualquier transmisi\u00f3n, reproducci\u00f3n, distribuci\u00f3n, comunicaci\u00f3n p\u00fablica o transformaci\u00f3n total o parcial de los mismos sin previo consentimiento de sus titulares.<\/p>\n<h2>PRIVACIDAD<\/h2>\n<p><strong>OTOTECH<\/strong> garantiza la confidencialidad de los datos personales que usted facilite a nuestra plataforma y la aplicaci\u00f3n de las medidas de seguridad establecidas por la normativa. Si quiere conocer nuestra Pol\u00edtica de Privacidad haga clic <a href=\"https:\/\/www.ototech.es\/politica-de-privacidad\/\"><u>aqu\u00ed<\/u><\/a><\/p>\n","protected":false},"excerpt":{"rendered":"<p>INFORMACION DEL TITULAR \u00a0OTOTECH 2000 SL es el titular del dominio ototech.es con CIF B66335498, con domicilio en Paseo de Gracia 42, 3-2, 08007 Barcelona (en adelante, \u201cOTOTECH\u201d). El correo [&hellip;]<\/p>\n","protected":false},"author":2,"featured_media":0,"parent":0,"menu_order":0,"comment_status":"closed","ping_status":"closed","template":"","meta":{"site-sidebar-layout":"default","site-content-layout":"","ast-site-content-layout":"default","site-content-style":"default","site-sidebar-style":"default","ast-global-header-display":"","ast-banner-title-visibility":"","ast-main-header-display":"","ast-hfb-above-header-display":"","ast-hfb-below-header-display":"","ast-hfb-mobile-header-display":"","site-post-title":"","ast-breadcrumbs-content":"","ast-featured-img":"","footer-sml-layout":"","theme-transparent-header-meta":"","adv-header-id-meta":"","stick-header-meta":"","header-above-stick-meta":"","header-main-stick-meta":"","header-below-stick-meta":"","astra-migrate-meta-layouts":"set","ast-page-background-enabled":"default","ast-page-background-meta":{"desktop":{"background-color":"","background-image":"","background-repeat":"repeat","background-position":"center center","background-size":"auto","background-attachment":"scroll","background-type":"","background-media":"","overlay-type":"","overlay-color":"","overlay-opacity":"","overlay-gradient":""},"tablet":{"background-color":"","background-image":"","background-repeat":"repeat","background-position":"center center","background-size":"auto","background-attachment":"scroll","background-type":"","background-media":"","overlay-type":"","overlay-color":"","overlay-opacity":"","overlay-gradient":""},"mobile":{"background-color":"","background-image":"","background-repeat":"repeat","background-position":"center center","background-size":"auto","background-attachment":"scroll","background-type":"","background-media":"","overlay-type":"","overlay-color":"","overlay-opacity":"","overlay-gradient":""}},"ast-content-background-meta":{"desktop":{"background-color":"var(--ast-global-color-5)","background-image":"","background-repeat":"repeat","background-position":"center center","background-size":"auto","background-attachment":"scroll","background-type":"","background-media":"","overlay-type":"","overlay-color":"","overlay-opacity":"","overlay-gradient":""},"tablet":{"background-color":"var(--ast-global-color-5)","background-image":"","background-repeat":"repeat","background-position":"center center","background-size":"auto","background-attachment":"scroll","background-type":"","background-media":"","overlay-type":"","overlay-color":"","overlay-opacity":"","overlay-gradient":""},"mobile":{"background-color":"var(--ast-global-color-5)","background-image":"","background-repeat":"repeat","background-position":"center center","background-size":"auto","background-attachment":"scroll","background-type":"","background-media":"","overlay-type":"","overlay-color":"","overlay-opacity":"","overlay-gradient":""}},"footnotes":""},"class_list":["post-1881","page","type-page","status-publish","hentry"],"_links":{"self":[{"href":"https:\/\/www.ototech.es\/en\/wp-json\/wp\/v2\/pages\/1881","targetHints":{"allow":["GET"]}}],"collection":[{"href":"https:\/\/www.ototech.es\/en\/wp-json\/wp\/v2\/pages"}],"about":[{"href":"https:\/\/www.ototech.es\/en\/wp-json\/wp\/v2\/types\/page"}],"author":[{"embeddable":true,"href":"https:\/\/www.ototech.es\/en\/wp-json\/wp\/v2\/users\/2"}],"replies":[{"embeddable":true,"href":"https:\/\/www.ototech.es\/en\/wp-json\/wp\/v2\/comments?post=1881"}],"version-history":[{"count":3,"href":"https:\/\/www.ototech.es\/en\/wp-json\/wp\/v2\/pages\/1881\/revisions"}],"predecessor-version":[{"id":6686,"href":"https:\/\/www.ototech.es\/en\/wp-json\/wp\/v2\/pages\/1881\/revisions\/6686"}],"wp:attachment":[{"href":"https:\/\/www.ototech.es\/en\/wp-json\/wp\/v2\/media?parent=1881"}],"curies":[{"name":"wp","href":"https:\/\/api.w.org\/{rel}","templated":true}]}}